{"id":5149,"date":"2024-11-26T15:50:19","date_gmt":"2024-11-26T14:50:19","guid":{"rendered":"https:\/\/ipindustrie.tonidigrigio.it\/politica-per-la-qualita\/"},"modified":"2025-02-10T11:51:18","modified_gmt":"2025-02-10T10:51:18","slug":"quality-policy","status":"publish","type":"page","link":"https:\/\/www.ipindustrie.it\/en\/quality-policy\/","title":{"rendered":"Quality Policy"},"content":{"rendered":"<h6 class=\"wp-block-heading\"><strong>AL 5.2 rev.0 del 01.04.17<\/strong><\/h6>\n<p>\u2713 Rispetto delle leggi in vigore e della normativa contrattuale;<\/p>\n<p>\u2713 Rispetto della norma di prescelta: UNI EN ISO 9001:2015;<\/p>\n<p>\u2713 Piena soddisfazione del Cliente;<\/p>\n<p>\u2713 Rapporto costante e di interazione con il committente e i soggetti della formazione.<\/p>\n<p>\u2713 Miglioramento continuo della qualit\u00e0;<\/p>\n<p>\u2713 Addestramento strutturato alle discipline della qualit\u00e0 e continua formazione di tutte le funzioni a tutti i livelli;<\/p>\n<p>\u2713 Misura dell\u2019adeguatezza, del rispetto e dell\u2019efficacia del SQ tramite verifiche ispettive interne ed esterne;<\/p>\n<p>\u2713 Disponibilit\u00e0 e visibilit\u00e0 delle registrazioni dati che costituisce la prova obiettiva della qualit\u00e0 del prodotto;<\/p>\n<p>\u2713 Definizione di sempre nuovi obiettivi misurabili per un maggiore coinvolgimento di tutto il personale\u00a0<em><strong>IP<\/strong><\/em>;<\/p>\n<p>\u2713 Continuo monitoraggio del servizio offerto al cliente, al fine di ottenere un suo miglioramento.<\/p>\n<p>\u2713 Analisi di rischi ed opportunit\u00e0.<\/p>\n<p><strong>Coenzo (PR), 01.04.17<\/strong><\/p>\n<h3 class=\"\">La Direzione<\/h3>\n<hr class=\"wp-block-separator\" \/>\n<p>La Direzione dell\u2019Azienda garantisce che la politica per la qualit\u00e0:<\/p>\n<p>a) sia adeguata per le esigenze qualitative dell\u2019Azienda;<\/p>\n<p>b) includa l\u2019impegno per soddisfare i requisiti e per il miglioramento continuativo;<\/p>\n<p>c) includa l\u2019impegno a conformarsi alle prescrizioni cogenti applicabili;<\/p>\n<p>d) fornisca un quadro di riferimento per stabilire e riesaminare gli obiettivi per la qualit\u00e0;<\/p>\n<p>e) sia comunicata, compresa ed attuata a tutti i livelli nell\u2019azienda;<\/p>\n<p>f) sia disponibile alle parti interessate;<\/p>\n<p>g) sia riesaminata per la continua adeguatezza.<\/p>\n<p>La politica per la qualit\u00e0 \u00e8 gestita in forma controllata.<\/p>\n","protected":false},"excerpt":{"rendered":"<p>AL 5.2 rev.0 del 01.04.17 \u2713 Rispetto delle leggi in vigore e della normativa contrattuale; \u2713 Rispetto della norma di prescelta: UNI EN ISO 9001:2015; \u2713 Piena soddisfazione del Cliente; \u2713 Rapporto costante e di interazione con il committente e i soggetti della formazione. \u2713 Miglioramento continuo della qualit\u00e0; \u2713 Addestramento strutturato alle discipline della&hellip;<\/p>\n","protected":false},"author":1,"featured_media":0,"parent":0,"menu_order":0,"comment_status":"closed","ping_status":"closed","template":"","meta":{"_acf_changed":false,"footnotes":""},"class_list":["post-5149","page","type-page","status-publish","hentry","entry","no-media"],"acf":[],"yoast_head":"<!-- This site is optimized with the Yoast SEO plugin v27.5 - https:\/\/yoast.com\/product\/yoast-seo-wordpress\/ -->\n<title>Quality Policy &#187; IP Industrie, conservation systems<\/title>\n<meta name=\"robots\" content=\"noindex, nofollow\" \/>\n<meta property=\"og:locale\" content=\"en_US\" \/>\n<meta property=\"og:type\" content=\"article\" \/>\n<meta property=\"og:title\" content=\"Quality Policy &#187; IP Industrie, conservation systems\" \/>\n<meta property=\"og:description\" content=\"AL 5.2 rev.0 del 01.04.17 \u2713 Rispetto delle leggi in vigore e della normativa contrattuale; \u2713 Rispetto della norma di prescelta: UNI EN ISO 9001:2015; \u2713 Piena soddisfazione del Cliente; \u2713 Rapporto costante e di interazione con il committente e i soggetti della formazione. \u2713 Miglioramento continuo della qualit\u00e0; \u2713 Addestramento strutturato alle discipline della&hellip;\" \/>\n<meta property=\"og:url\" content=\"https:\/\/www.ipindustrie.it\/en\/quality-policy\/\" \/>\n<meta property=\"og:site_name\" content=\"IP Industrie\" \/>\n<meta property=\"article:publisher\" content=\"https:\/\/www.facebook.com\/ipindustrie.it\/\" \/>\n<meta property=\"article:modified_time\" content=\"2025-02-10T10:51:18+00:00\" \/>\n<meta property=\"og:image\" content=\"https:\/\/www.ipindustrie.it\/wp-content\/uploads\/2025\/02\/IPcompleto_img2_1200_675-png.webp\" \/>\n\t<meta property=\"og:image:width\" content=\"1200\" \/>\n\t<meta property=\"og:image:height\" content=\"675\" \/>\n\t<meta property=\"og:image:type\" content=\"image\/png\" \/>\n<meta name=\"twitter:card\" content=\"summary_large_image\" \/>\n<script type=\"application\/ld+json\" class=\"yoast-schema-graph\">{\"@context\":\"https:\\\/\\\/schema.org\",\"@graph\":[{\"@type\":\"WebPage\",\"@id\":\"https:\\\/\\\/www.ipindustrie.it\\\/en\\\/quality-policy\\\/\",\"url\":\"https:\\\/\\\/www.ipindustrie.it\\\/en\\\/quality-policy\\\/\",\"name\":\"Quality Policy &#187; IP Industrie, conservation systems\",\"isPartOf\":{\"@id\":\"https:\\\/\\\/www.ipindustrie.it\\\/en\\\/#website\"},\"datePublished\":\"2024-11-26T14:50:19+00:00\",\"dateModified\":\"2025-02-10T10:51:18+00:00\",\"breadcrumb\":{\"@id\":\"https:\\\/\\\/www.ipindustrie.it\\\/en\\\/quality-policy\\\/#breadcrumb\"},\"inLanguage\":\"en-US\",\"potentialAction\":[{\"@type\":\"ReadAction\",\"target\":[\"https:\\\/\\\/www.ipindustrie.it\\\/en\\\/quality-policy\\\/\"]}]},{\"@type\":\"BreadcrumbList\",\"@id\":\"https:\\\/\\\/www.ipindustrie.it\\\/en\\\/quality-policy\\\/#breadcrumb\",\"itemListElement\":[{\"@type\":\"ListItem\",\"position\":1,\"name\":\"Home\",\"item\":\"https:\\\/\\\/www.ipindustrie.it\\\/en\\\/\"},{\"@type\":\"ListItem\",\"position\":2,\"name\":\"Quality Policy\"}]},{\"@type\":\"WebSite\",\"@id\":\"https:\\\/\\\/www.ipindustrie.it\\\/en\\\/#website\",\"url\":\"https:\\\/\\\/www.ipindustrie.it\\\/en\\\/\",\"name\":\"IP Industrie\",\"description\":\"conservation systems\",\"publisher\":{\"@id\":\"https:\\\/\\\/www.ipindustrie.it\\\/en\\\/#organization\"},\"alternateName\":\"IP Industrie del Freddo Professionale Spa\",\"potentialAction\":[{\"@type\":\"SearchAction\",\"target\":{\"@type\":\"EntryPoint\",\"urlTemplate\":\"https:\\\/\\\/www.ipindustrie.it\\\/en\\\/?s={search_term_string}\"},\"query-input\":{\"@type\":\"PropertyValueSpecification\",\"valueRequired\":true,\"valueName\":\"search_term_string\"}}],\"inLanguage\":\"en-US\"},{\"@type\":\"Organization\",\"@id\":\"https:\\\/\\\/www.ipindustrie.it\\\/en\\\/#organization\",\"name\":\"IP Industrie del Freddo Professionale Spa\",\"url\":\"https:\\\/\\\/www.ipindustrie.it\\\/en\\\/\",\"logo\":{\"@type\":\"ImageObject\",\"inLanguage\":\"en-US\",\"@id\":\"https:\\\/\\\/www.ipindustrie.it\\\/en\\\/#\\\/schema\\\/logo\\\/image\\\/\",\"url\":\"https:\\\/\\\/www.ipindustrie.it\\\/wp-content\\\/uploads\\\/2025\\\/02\\\/IPcompleto_675_675-png.webp\",\"contentUrl\":\"https:\\\/\\\/www.ipindustrie.it\\\/wp-content\\\/uploads\\\/2025\\\/02\\\/IPcompleto_675_675-png.webp\",\"width\":675,\"height\":675,\"caption\":\"IP Industrie del Freddo Professionale Spa\"},\"image\":{\"@id\":\"https:\\\/\\\/www.ipindustrie.it\\\/en\\\/#\\\/schema\\\/logo\\\/image\\\/\"},\"sameAs\":[\"https:\\\/\\\/www.facebook.com\\\/ipindustrie.it\\\/\",\"https:\\\/\\\/www.instagram.com\\\/ipindustriespa\\\/\",\"https:\\\/\\\/www.linkedin.com\\\/company\\\/ip-industrie-spa\\\/\"]}]}<\/script>\n<!-- \/ Yoast SEO plugin. -->","yoast_head_json":{"title":"Quality Policy &#187; IP Industrie, conservation systems","robots":{"index":"noindex","follow":"nofollow"},"og_locale":"en_US","og_type":"article","og_title":"Quality Policy &#187; IP Industrie, conservation systems","og_description":"AL 5.2 rev.0 del 01.04.17 \u2713 Rispetto delle leggi in vigore e della normativa contrattuale; \u2713 Rispetto della norma di prescelta: UNI EN ISO 9001:2015; \u2713 Piena soddisfazione del Cliente; \u2713 Rapporto costante e di interazione con il committente e i soggetti della formazione. \u2713 Miglioramento continuo della qualit\u00e0; \u2713 Addestramento strutturato alle discipline della&hellip;","og_url":"https:\/\/www.ipindustrie.it\/en\/quality-policy\/","og_site_name":"IP Industrie","article_publisher":"https:\/\/www.facebook.com\/ipindustrie.it\/","article_modified_time":"2025-02-10T10:51:18+00:00","og_image":[{"width":1200,"height":675,"url":"https:\/\/www.ipindustrie.it\/wp-content\/uploads\/2025\/02\/IPcompleto_img2_1200_675-png.webp","type":"image\/png"}],"twitter_card":"summary_large_image","schema":{"@context":"https:\/\/schema.org","@graph":[{"@type":"WebPage","@id":"https:\/\/www.ipindustrie.it\/en\/quality-policy\/","url":"https:\/\/www.ipindustrie.it\/en\/quality-policy\/","name":"Quality Policy &#187; IP Industrie, conservation systems","isPartOf":{"@id":"https:\/\/www.ipindustrie.it\/en\/#website"},"datePublished":"2024-11-26T14:50:19+00:00","dateModified":"2025-02-10T10:51:18+00:00","breadcrumb":{"@id":"https:\/\/www.ipindustrie.it\/en\/quality-policy\/#breadcrumb"},"inLanguage":"en-US","potentialAction":[{"@type":"ReadAction","target":["https:\/\/www.ipindustrie.it\/en\/quality-policy\/"]}]},{"@type":"BreadcrumbList","@id":"https:\/\/www.ipindustrie.it\/en\/quality-policy\/#breadcrumb","itemListElement":[{"@type":"ListItem","position":1,"name":"Home","item":"https:\/\/www.ipindustrie.it\/en\/"},{"@type":"ListItem","position":2,"name":"Quality Policy"}]},{"@type":"WebSite","@id":"https:\/\/www.ipindustrie.it\/en\/#website","url":"https:\/\/www.ipindustrie.it\/en\/","name":"IP Industrie","description":"conservation systems","publisher":{"@id":"https:\/\/www.ipindustrie.it\/en\/#organization"},"alternateName":"IP Industrie del Freddo Professionale Spa","potentialAction":[{"@type":"SearchAction","target":{"@type":"EntryPoint","urlTemplate":"https:\/\/www.ipindustrie.it\/en\/?s={search_term_string}"},"query-input":{"@type":"PropertyValueSpecification","valueRequired":true,"valueName":"search_term_string"}}],"inLanguage":"en-US"},{"@type":"Organization","@id":"https:\/\/www.ipindustrie.it\/en\/#organization","name":"IP Industrie del Freddo Professionale Spa","url":"https:\/\/www.ipindustrie.it\/en\/","logo":{"@type":"ImageObject","inLanguage":"en-US","@id":"https:\/\/www.ipindustrie.it\/en\/#\/schema\/logo\/image\/","url":"https:\/\/www.ipindustrie.it\/wp-content\/uploads\/2025\/02\/IPcompleto_675_675-png.webp","contentUrl":"https:\/\/www.ipindustrie.it\/wp-content\/uploads\/2025\/02\/IPcompleto_675_675-png.webp","width":675,"height":675,"caption":"IP Industrie del Freddo Professionale Spa"},"image":{"@id":"https:\/\/www.ipindustrie.it\/en\/#\/schema\/logo\/image\/"},"sameAs":["https:\/\/www.facebook.com\/ipindustrie.it\/","https:\/\/www.instagram.com\/ipindustriespa\/","https:\/\/www.linkedin.com\/company\/ip-industrie-spa\/"]}]}},"_links":{"self":[{"href":"https:\/\/www.ipindustrie.it\/en\/wp-json\/wp\/v2\/pages\/5149","targetHints":{"allow":["GET"]}}],"collection":[{"href":"https:\/\/www.ipindustrie.it\/en\/wp-json\/wp\/v2\/pages"}],"about":[{"href":"https:\/\/www.ipindustrie.it\/en\/wp-json\/wp\/v2\/types\/page"}],"author":[{"embeddable":true,"href":"https:\/\/www.ipindustrie.it\/en\/wp-json\/wp\/v2\/users\/1"}],"replies":[{"embeddable":true,"href":"https:\/\/www.ipindustrie.it\/en\/wp-json\/wp\/v2\/comments?post=5149"}],"version-history":[{"count":0,"href":"https:\/\/www.ipindustrie.it\/en\/wp-json\/wp\/v2\/pages\/5149\/revisions"}],"wp:attachment":[{"href":"https:\/\/www.ipindustrie.it\/en\/wp-json\/wp\/v2\/media?parent=5149"}],"curies":[{"name":"wp","href":"https:\/\/api.w.org\/{rel}","templated":true}]}}